{"id":6,"date":"2020-03-23T03:20:49","date_gmt":"2020-03-23T03:20:49","guid":{"rendered":"https:\/\/demo.farost.net\/equita\/newsletter\/"},"modified":"2020-03-23T03:20:49","modified_gmt":"2020-03-23T03:20:49","slug":"newsletter","status":"publish","type":"page","link":"https:\/\/kaizenshipping.vn\/vi\/newsletter\/","title":{"rendered":"Newsletter"},"content":{"rendered":"<div class=\"tnp tnp-subscription\">\n<form method=\"post\" action=\"https:\/\/kaizenshipping.vn\/vi\/?na=s\" data-trp-original-action=\"https:\/\/kaizenshipping.vn\/vi\/?na=s\">\n\n<input type=\"hidden\" name=\"nr\" value=\"page\"><input type=\"hidden\" name=\"nlang\" value=\"\"><div class=\"tnp-field tnp-field-email\"><label for=\"tnp-1\">Email<\/label>\n<input class=\"tnp-email\" type=\"email\" name=\"ne\" id=\"tnp-1\" value=\"\" required><\/div>\n<div class=\"tnp-field tnp-field-button\"><input class=\"tnp-submit\" type=\"submit\" value=\"\u0110\u0103ng k\u00fd\" >\n<\/div>\n<input type=\"hidden\" name=\"trp-form-language\" value=\"vi\"\/><\/form>\n<\/div>","protected":false},"excerpt":{"rendered":"","protected":false},"author":1,"featured_media":0,"parent":0,"menu_order":0,"comment_status":"closed","ping_status":"closed","template":"","meta":[],"yoast_head":"<!-- This site is optimized with the Yoast SEO plugin v20.9 - https:\/\/yoast.com\/wordpress\/plugins\/seo\/ -->\n<title>Newsletter - Kaizen Shipping<\/title>\n<meta name=\"description\" content=\"KAIZEN SHIPPING is a diversified logistics service provider with main activities in forwarding, warehousing, sea freight, international air freight, domestic transportation, project cargo transportation\u2026 As a result, your goods will be transported quickly, accurately and safely to any point domestically and internationally.\" \/>\n<meta name=\"robots\" content=\"index, follow, max-snippet:-1, max-image-preview:large, max-video-preview:-1\" \/>\n<link rel=\"canonical\" href=\"https:\/\/kaizenshipping.vn\/vi\/newsletter\/\" \/>\n<meta property=\"og:locale\" content=\"vi_VN\" \/>\n<meta property=\"og:type\" content=\"article\" \/>\n<meta property=\"og:title\" content=\"Newsletter - Kaizen Shipping\" \/>\n<meta property=\"og:description\" content=\"KAIZEN SHIPPING is a diversified logistics service provider with main activities in forwarding, warehousing, sea freight, international air freight, domestic transportation, project cargo transportation\u2026 As a result, your goods will be transported quickly, accurately and safely to any point domestically and internationally.\" \/>\n<meta property=\"og:url\" content=\"https:\/\/kaizenshipping.vn\/vi\/newsletter\/\" \/>\n<meta property=\"og:site_name\" content=\"Kaizen Shipping\" \/>\n<meta name=\"twitter:card\" content=\"summary_large_image\" \/>\n<script type=\"application\/ld+json\" class=\"yoast-schema-graph\">{\"@context\":\"https:\/\/schema.org\",\"@graph\":[{\"@type\":\"WebPage\",\"@id\":\"https:\/\/kaizenshipping.vn\/newsletter\/\",\"url\":\"https:\/\/kaizenshipping.vn\/newsletter\/\",\"name\":\"Newsletter - Kaizen Shipping\",\"isPartOf\":{\"@id\":\"https:\/\/kaizenshipping.vn\/#website\"},\"datePublished\":\"2020-03-23T03:20:49+00:00\",\"dateModified\":\"2020-03-23T03:20:49+00:00\",\"description\":\"KAIZEN SHIPPING is a diversified logistics service provider with main activities in forwarding, warehousing, sea freight, international air freight, domestic transportation, project cargo transportation\u2026 As a result, your goods will be transported quickly, accurately and safely to any point domestically and internationally.\",\"breadcrumb\":{\"@id\":\"https:\/\/kaizenshipping.vn\/newsletter\/#breadcrumb\"},\"inLanguage\":\"vi\",\"potentialAction\":[{\"@type\":\"ReadAction\",\"target\":[\"https:\/\/kaizenshipping.vn\/newsletter\/\"]}]},{\"@type\":\"BreadcrumbList\",\"@id\":\"https:\/\/kaizenshipping.vn\/newsletter\/#breadcrumb\",\"itemListElement\":[{\"@type\":\"ListItem\",\"position\":1,\"name\":\"Home\",\"item\":\"https:\/\/kaizenshipping.vn\/\"},{\"@type\":\"ListItem\",\"position\":2,\"name\":\"Newsletter\"}]},{\"@type\":\"WebSite\",\"@id\":\"https:\/\/kaizenshipping.vn\/#website\",\"url\":\"https:\/\/kaizenshipping.vn\/\",\"name\":\"Kaizen Shipping\",\"description\":\"We are a globally diversified logistics service provider\",\"publisher\":{\"@id\":\"https:\/\/kaizenshipping.vn\/#organization\"},\"potentialAction\":[{\"@type\":\"SearchAction\",\"target\":{\"@type\":\"EntryPoint\",\"urlTemplate\":\"https:\/\/kaizenshipping.vn\/?s={search_term_string}\"},\"query-input\":\"required name=search_term_string\"}],\"inLanguage\":\"vi\"},{\"@type\":\"Organization\",\"@id\":\"https:\/\/kaizenshipping.vn\/#organization\",\"name\":\"Kaizen Shipping Company Limited\",\"url\":\"https:\/\/kaizenshipping.vn\/\",\"logo\":{\"@type\":\"ImageObject\",\"inLanguage\":\"vi\",\"@id\":\"https:\/\/kaizenshipping.vn\/#\/schema\/logo\/image\/\",\"url\":\"https:\/\/kaizenshipping.vn\/wp-content\/uploads\/2023\/01\/kaizen-shipping-mobile-logo-1.png\",\"contentUrl\":\"https:\/\/kaizenshipping.vn\/wp-content\/uploads\/2023\/01\/kaizen-shipping-mobile-logo-1.png\",\"width\":1974,\"height\":1974,\"caption\":\"Kaizen Shipping Company Limited\"},\"image\":{\"@id\":\"https:\/\/kaizenshipping.vn\/#\/schema\/logo\/image\/\"}}]}<\/script>\n<!-- \/ Yoast SEO plugin. -->","yoast_head_json":{"title":"Newsletter - Kaizen Shipping","description":"KAIZEN SHIPPING is a diversified logistics service provider with main activities in forwarding, warehousing, sea freight, international air freight, domestic transportation, project cargo transportation\u2026 As a result, your goods will be transported quickly, accurately and safely to any point domestically and internationally.","robots":{"index":"index","follow":"follow","max-snippet":"max-snippet:-1","max-image-preview":"max-image-preview:large","max-video-preview":"max-video-preview:-1"},"canonical":"https:\/\/kaizenshipping.vn\/vi\/newsletter\/","og_locale":"vi_VN","og_type":"article","og_title":"Newsletter - Kaizen Shipping","og_description":"KAIZEN SHIPPING is a diversified logistics service provider with main activities in forwarding, warehousing, sea freight, international air freight, domestic transportation, project cargo transportation\u2026 As a result, your goods will be transported quickly, accurately and safely to any point domestically and internationally.","og_url":"https:\/\/kaizenshipping.vn\/vi\/newsletter\/","og_site_name":"Kaizen Shipping","twitter_card":"summary_large_image","schema":{"@context":"https:\/\/schema.org","@graph":[{"@type":"WebPage","@id":"https:\/\/kaizenshipping.vn\/newsletter\/","url":"https:\/\/kaizenshipping.vn\/newsletter\/","name":"Newsletter - Kaizen Shipping","isPartOf":{"@id":"https:\/\/kaizenshipping.vn\/#website"},"datePublished":"2020-03-23T03:20:49+00:00","dateModified":"2020-03-23T03:20:49+00:00","description":"KAIZEN SHIPPING is a diversified logistics service provider with main activities in forwarding, warehousing, sea freight, international air freight, domestic transportation, project cargo transportation\u2026 As a result, your goods will be transported quickly, accurately and safely to any point domestically and internationally.","breadcrumb":{"@id":"https:\/\/kaizenshipping.vn\/newsletter\/#breadcrumb"},"inLanguage":"vi","potentialAction":[{"@type":"ReadAction","target":["https:\/\/kaizenshipping.vn\/newsletter\/"]}]},{"@type":"BreadcrumbList","@id":"https:\/\/kaizenshipping.vn\/newsletter\/#breadcrumb","itemListElement":[{"@type":"ListItem","position":1,"name":"Home","item":"https:\/\/kaizenshipping.vn\/"},{"@type":"ListItem","position":2,"name":"Newsletter"}]},{"@type":"WebSite","@id":"https:\/\/kaizenshipping.vn\/#website","url":"https:\/\/kaizenshipping.vn\/","name":"Kaizen Shipping","description":"We are a globally diversified logistics service provider","publisher":{"@id":"https:\/\/kaizenshipping.vn\/#organization"},"potentialAction":[{"@type":"SearchAction","target":{"@type":"EntryPoint","urlTemplate":"https:\/\/kaizenshipping.vn\/?s={search_term_string}"},"query-input":"required name=search_term_string"}],"inLanguage":"vi"},{"@type":"Organization","@id":"https:\/\/kaizenshipping.vn\/#organization","name":"Kaizen Shipping Company Limited","url":"https:\/\/kaizenshipping.vn\/","logo":{"@type":"ImageObject","inLanguage":"vi","@id":"https:\/\/kaizenshipping.vn\/#\/schema\/logo\/image\/","url":"https:\/\/kaizenshipping.vn\/wp-content\/uploads\/2023\/01\/kaizen-shipping-mobile-logo-1.png","contentUrl":"https:\/\/kaizenshipping.vn\/wp-content\/uploads\/2023\/01\/kaizen-shipping-mobile-logo-1.png","width":1974,"height":1974,"caption":"Kaizen Shipping Company Limited"},"image":{"@id":"https:\/\/kaizenshipping.vn\/#\/schema\/logo\/image\/"}}]}},"_links":{"self":[{"href":"https:\/\/kaizenshipping.vn\/vi\/wp-json\/wp\/v2\/pages\/6"}],"collection":[{"href":"https:\/\/kaizenshipping.vn\/vi\/wp-json\/wp\/v2\/pages"}],"about":[{"href":"https:\/\/kaizenshipping.vn\/vi\/wp-json\/wp\/v2\/types\/page"}],"author":[{"embeddable":true,"href":"https:\/\/kaizenshipping.vn\/vi\/wp-json\/wp\/v2\/users\/1"}],"replies":[{"embeddable":true,"href":"https:\/\/kaizenshipping.vn\/vi\/wp-json\/wp\/v2\/comments?post=6"}],"version-history":[{"count":0,"href":"https:\/\/kaizenshipping.vn\/vi\/wp-json\/wp\/v2\/pages\/6\/revisions"}],"wp:attachment":[{"href":"https:\/\/kaizenshipping.vn\/vi\/wp-json\/wp\/v2\/media?parent=6"}],"curies":[{"name":"wp","href":"https:\/\/api.w.org\/{rel}","templated":true}]}}