{"id":4417,"date":"2020-04-03T16:27:26","date_gmt":"2020-04-03T16:27:26","guid":{"rendered":"https:\/\/demo.farost.net\/equita\/?page_id=4417"},"modified":"2023-05-11T11:31:49","modified_gmt":"2023-05-11T11:31:49","slug":"track-trace","status":"publish","type":"page","link":"https:\/\/kaizenshipping.vn\/vi\/track-trace\/","title":{"rendered":"Theo D\u00f5i H\u00e0ng H\u00f3a"},"content":{"rendered":"<div data-elementor-type=\"wp-page\" data-elementor-id=\"4417\" class=\"elementor elementor-4417\">\n\t\t\t\t\t\t\t        <section class=\"elementor-section elementor-top-section elementor-element elementor-element-397a100c elementor-section-stretched elementor-section-boxed elementor-section-height-default elementor-section-height-default\" data-id=\"397a100c\" data-element_type=\"section\" data-settings=\"{&quot;stretch_section&quot;:&quot;section-stretched&quot;,&quot;background_background&quot;:&quot;classic&quot;}\">\n\t\t            <div class=\"elementor-background-overlay\"><\/div>\n\t\t\n\t\t        <div class=\"elementor-container elementor-column-gap-default\" >\n\t\t        <div class=\"elementor-column elementor-col-100 elementor-top-column elementor-element elementor-element-1e7019f\" data-id=\"1e7019f\" data-element_type=\"column\">\n        <div class=\"elementor-widget-wrap elementor-element-populated\">\n                        \t\t<div class=\"elementor-element elementor-element-3be18fcc elementor-widget elementor-widget-cms_heading\" data-id=\"3be18fcc\" data-element_type=\"widget\" data-widget_type=\"cms_heading.default\">\n\t\t\t\t<div class=\"elementor-widget-container\">\n\t\t\t<div class=\"cms-heading-wrapper cms-heading-layout1\">\n    \n            <h2 class=\"custom-heading\">\n            <span >Theo D\u00f5i H\u00e0ng H\u00f3a<\/span>\n        <\/h2>\n        \n    <\/div>\t\t<\/div>\n\t\t\t\t<\/div>\n\t\t\t\t<div class=\"elementor-element elementor-element-b824615 elementor-widget elementor-widget-cms_breadcrumb\" data-id=\"b824615\" data-element_type=\"widget\" data-widget_type=\"cms_breadcrumb.default\">\n\t\t\t\t<div class=\"elementor-widget-container\">\n\t\t\t<ul class=\"cms-breadcrumb\"><li><span class=\"breadcrumb-entry\">Trang Ch\u1ee7<\/span><\/li><\/ul>\t\t<\/div>\n\t\t\t\t<\/div>\n\t\t        <\/div>\n        <\/div>\n        \t\t        <\/div>\n        <\/section>\n\t\t        <section class=\"elementor-section elementor-top-section elementor-element elementor-element-68264b42 elementor-section-boxed elementor-section-height-default elementor-section-height-default\" data-id=\"68264b42\" data-element_type=\"section\">\n\t\t\n\t\t        <div class=\"elementor-container elementor-column-gap-extended\" >\n\t\t        <div class=\"elementor-column elementor-col-33 elementor-top-column elementor-element elementor-element-4b302bf4\" data-id=\"4b302bf4\" data-element_type=\"column\">\n        <div class=\"elementor-widget-wrap elementor-element-populated\">\n                        \t\t<div class=\"elementor-element elementor-element-6e4448e3 elementor-widget elementor-widget-cms_navigation_menu\" data-id=\"6e4448e3\" data-element_type=\"widget\" data-widget_type=\"cms_navigation_menu.default\">\n\t\t\t\t<div class=\"elementor-widget-container\">\n\t\t\t    <div class=\"cms-navigation-menu1 e-sidebar-widget\">\n                    <h3 class=\"widget-title\">D\u1ecbch v\u1ee5<\/h3>\n                <div class=\"menu-menu-services-container\"><ul id=\"menu-menu-services\" class=\"menu\"><li id=\"menu-item-5499\" class=\"menu-item menu-item-type-post_type menu-item-object-service menu-item-5499 translation-block\"><a href=\"\/vi\/service\/road-freight\" target=\"_self\" rel=\"nofollow\">V\u1eadn T\u1ea3i \u0110\u01b0\u1eddng B\u1ed9<\/a><\/li>\n<li id=\"menu-item-5503\" class=\"menu-item menu-item-type-post_type menu-item-object-service menu-item-5503 translation-block\"><a href=\"\/vi\/service\/ocean-freight\" target=\"_self\" rel=\"nofollow\">V\u1eadn T\u1ea3i \u0110\u01b0\u1eddng Bi\u1ec3n<\/a><\/li>\n<li id=\"menu-item-5500\" class=\"menu-item menu-item-type-post_type menu-item-object-service menu-item-5500 translation-block\"><a href=\"\/vi\/service\/air-freight\" target=\"_self\" rel=\"nofollow\">V\u1eadn T\u1ea3i H\u00e0ng <br>      Kh\u00f4ng<\/a><\/li>\n<li id=\"menu-item-5502\" class=\"menu-item menu-item-type-post_type menu-item-object-service menu-item-5502 translation-block\"><a href=\"\/vi\/service\/railway-transportation\/\" target=\"_self\" rel=\"nofollow\">V\u1eadn T\u1ea3i \u0110\u01b0\u1eddng <br>S\u1eaft<\/a><\/li>\n<li id=\"menu-item-5501\" class=\"menu-item menu-item-type-post_type menu-item-object-service menu-item-5501\"><a href=\"https:\/\/kaizenshipping.vn\/vi\/service\/warehousing-and-distribution\/\">Kho B\u00e3i V\u00e0 Ph\u00e2n Ph\u1ed1i<\/a><\/li>\n<li id=\"menu-item-5561\" class=\"menu-item menu-item-type-post_type menu-item-object-service menu-item-5561\"><a href=\"https:\/\/kaizenshipping.vn\/vi\/service\/import-and-export-customs\/\">H\u1ea3i Quan Xu\u1ea5t Nh\u1eadp Kh\u1ea9u<\/a><\/li>\n<li id=\"menu-item-5559\" class=\"menu-item menu-item-type-post_type menu-item-object-service menu-item-5559\"><a href=\"https:\/\/kaizenshipping.vn\/vi\/service\/fairs-exhibition\/\">H\u1ed9i Ch\u1ee3 &amp; Tri\u1ec3n L\u00e3m<\/a><\/li>\n<li id=\"menu-item-5560\" class=\"menu-item menu-item-type-post_type menu-item-object-service menu-item-5560\"><a href=\"https:\/\/kaizenshipping.vn\/vi\/service\/project-cargo-transportation\/\">V\u1eadn Chuy\u1ec3n H\u00e0ng D\u1ef1 \u00c1n<\/a><\/li>\n<\/ul><\/div>    <\/div>\n\t\t<\/div>\n\t\t\t\t<\/div>\n\t\t\t\t<div class=\"elementor-element elementor-element-42045593 elementor-widget elementor-widget-spacer\" data-id=\"42045593\" data-element_type=\"widget\" data-widget_type=\"spacer.default\">\n\t\t\t\t<div class=\"elementor-widget-container\">\n\t\t\t<style>\/*! elementor - v3.12.2 - 23-04-2023 *\/\n.elementor-column .elementor-spacer-inner{height:var(--spacer-size)}.e-con{--container-widget-width:100%}.e-con-inner>.elementor-widget-spacer,.e-con>.elementor-widget-spacer{width:var(--container-widget-width,var(--spacer-size));--align-self:var(--container-widget-align-self,initial);--flex-shrink:0}.e-con-inner>.elementor-widget-spacer>.elementor-widget-container,.e-con-inner>.elementor-widget-spacer>.elementor-widget-container>.elementor-spacer,.e-con>.elementor-widget-spacer>.elementor-widget-container,.e-con>.elementor-widget-spacer>.elementor-widget-container>.elementor-spacer{height:100%}.e-con-inner>.elementor-widget-spacer>.elementor-widget-container>.elementor-spacer>.elementor-spacer-inner,.e-con>.elementor-widget-spacer>.elementor-widget-container>.elementor-spacer>.elementor-spacer-inner{height:var(--container-widget-height,var(--spacer-size))}<\/style>\t\t<div class=\"elementor-spacer\">\n\t\t\t<div class=\"elementor-spacer-inner\"><\/div>\n\t\t<\/div>\n\t\t\t\t<\/div>\n\t\t\t\t<\/div>\n\t\t\t\t<div class=\"elementor-element elementor-element-219e398 elementor-widget elementor-widget-cms_fancy_box\" data-id=\"219e398\" data-element_type=\"widget\" data-widget_type=\"cms_fancy_box.default\">\n\t\t\t\t<div class=\"elementor-widget-container\">\n\t\t\t<div class=\"cms-fancy-box-layout2 bg-image default\" style=\"background-image: url(https:\/\/kaizen.quocchinhoto.vn\/wp-content\/uploads\/2022\/12\/KAIZEN-Freight-solutions3.jpg);\">\n    <div class=\"content-inner\">\n        <h3 class=\"item--title\">\n            Nh\u00f3m kh\u00e1ch h\u00e0ng t\u1eadn t\u00e2m &amp; D\u1ecbch v\u1ee5 linh ho\u1ea1t        <\/h3>\n        <div class=\"item--description\">\n            S\u1ef1 hi\u1ec7n di\u1ec7n tr\u00ean to\u00e0n th\u1ebf gi\u1edbi c\u1ee7a ch\u00fang t\u00f4i \u0111\u1ea3m b\u1ea3o t\u00ednh k\u1ecbp th\u1eddi, tu\u00e2n th\u1ee7 hi\u1ec7u qu\u1ea3 chi ph\u00ed c\u1ea7n thi\u1ebft \u0111\u1ec3 \u0111\u1ea3m b\u1ea3o \u0111\u00e1p \u1ee9ng c\u00e1c m\u1ed1c th\u1eddi gian s\u1ea3n xu\u1ea5t c\u1ee7a b\u1ea1n.        <\/div>\n                    <div class=\"item--button\">\n                <a class=\"btn btn-outline-white\" href=\"https:\/\/kaizenshipping.vn\/vi\/contact-us\/\">L\u00ean l\u1ecbch m\u1ed9t cu\u1ed9c h\u1eb9n<\/a>\n            <\/div>\n            <\/div>\n<\/div>\t\t<\/div>\n\t\t\t\t<\/div>\n\t\t\t\t<div class=\"elementor-element elementor-element-4acfa540 elementor-widget elementor-widget-spacer\" data-id=\"4acfa540\" data-element_type=\"widget\" data-widget_type=\"spacer.default\">\n\t\t\t\t<div class=\"elementor-widget-container\">\n\t\t\t\t\t<div class=\"elementor-spacer\">\n\t\t\t<div class=\"elementor-spacer-inner\"><\/div>\n\t\t<\/div>\n\t\t\t\t<\/div>\n\t\t\t\t<\/div>\n\t\t\t\t<div class=\"elementor-element elementor-element-51f5f7dd download-1 elementor-widget elementor-widget-cms_download\" data-id=\"51f5f7dd\" data-element_type=\"widget\" data-widget_type=\"cms_download.default\">\n\t\t\t\t<div class=\"elementor-widget-container\">\n\t\t\t    <div class=\"cms-download e-sidebar-widget\">\n    \t    \t\t<h3 class=\"widget-title\">Download<\/h3>\n    \t                    <div class=\"item--download\">\n            \t<a href=\"#\" target=\"_blank\" style=\"background-color: #fe5a0e\">\n                    <span class=\"download-title\">Company Report 2019<\/span>\n\t            \t\t            \t\t<span class=\"download-file-type\" style=\"color: #fe5a0e\">\n                            PDF                        <\/span>\n\t            \t\t            <\/a>\n           <\/div>\n                    <div class=\"item--download\">\n            \t<a href=\"#\" target=\"_blank\" style=\"background-color: #1B1A1A\">\n                    <span class=\"download-title\">Company Brochure<\/span>\n\t            \t\t            \t\t<span class=\"download-file-type\" style=\"color: #1B1A1A\">\n                            PDF                        <\/span>\n\t            \t\t            <\/a>\n           <\/div>\n            <\/div>\n\t\t<\/div>\n\t\t\t\t<\/div>\n\t\t        <\/div>\n        <\/div>\n                <div class=\"elementor-column elementor-col-66 elementor-top-column elementor-element elementor-element-1b822f17\" data-id=\"1b822f17\" data-element_type=\"column\">\n        <div class=\"elementor-widget-wrap elementor-element-populated\">\n                        \t\t<div class=\"elementor-element elementor-element-6fc4fd95 elementor-widget elementor-widget-text-editor\" data-id=\"6fc4fd95\" data-element_type=\"widget\" data-widget_type=\"text-editor.default\">\n\t\t\t\t<div class=\"elementor-widget-container\">\n\t\t\t<style>\/*! elementor - v3.12.2 - 23-04-2023 *\/\n.elementor-widget-text-editor.elementor-drop-cap-view-stacked .elementor-drop-cap{background-color:#69727d;color:#fff}.elementor-widget-text-editor.elementor-drop-cap-view-framed .elementor-drop-cap{color:#69727d;border:3px solid;background-color:transparent}.elementor-widget-text-editor:not(.elementor-drop-cap-view-default) .elementor-drop-cap{margin-top:8px}.elementor-widget-text-editor:not(.elementor-drop-cap-view-default) .elementor-drop-cap-letter{width:1em;height:1em}.elementor-widget-text-editor .elementor-drop-cap{float:left;text-align:center;line-height:1;font-size:50px}.elementor-widget-text-editor .elementor-drop-cap-letter{display:inline-block}<\/style>\t\t\t\t<p>Theo d\u00f5i b\u01b0u ki\u1ec7n\/l\u00f4 h\u00e0ng v\u1edbi c\u00e1c d\u1ecbch v\u1ee5 c\u1ed9ng th\u00eam \u0111\u1eb7c bi\u1ec7t d\u00e0nh cho d\u1ecbch v\u1ee5 v\u1eadn chuy\u1ec3n \u0111\u01b0\u1eddng h\u00e0ng kh\u00f4ng, \u0111\u01b0\u1eddng bi\u1ec3n, \u0111\u01b0\u1eddng b\u1ed9...<\/p>\t\t\t\t\t\t<\/div>\n\t\t\t\t<\/div>\n\t\t\t\t<div class=\"elementor-element elementor-element-9562cce elementor-widget elementor-widget-cms_ctf7\" data-id=\"9562cce\" data-element_type=\"widget\" data-widget_type=\"cms_ctf7.default\">\n\t\t\t\t<div class=\"elementor-widget-container\">\n\t\t\t    <div id=\"cms_ctf7-9562cce\" class=\"cms-contact-form style1\">\n        <div class=\"cms-contact-form-inner\">\n        \t            <div class=\"wpcf7 no-js\" id=\"wpcf7-f4086-o1\" lang=\"en-US\" dir=\"ltr\">\n<div class=\"screen-reader-response\"><p role=\"status\" aria-live=\"polite\" aria-atomic=\"true\"><\/p> <ul><\/ul><\/div>\n<form action=\"\/vi\/wp-json\/wp\/v2\/pages\/4417#wpcf7-f4086-o1\" method=\"post\" class=\"wpcf7-form init\" aria-label=\"Contact form\" novalidate=\"novalidate\" data-status=\"init\" data-trp-original-action=\"\/vi\/wp-json\/wp\/v2\/pages\/4417#wpcf7-f4086-o1\">\n<div style=\"display: none;\">\n<input type=\"hidden\" name=\"_wpcf7\" value=\"4086\" \/>\n<input type=\"hidden\" name=\"_wpcf7_version\" value=\"5.7.1\" \/>\n<input type=\"hidden\" name=\"_wpcf7_locale\" value=\"en_US\" \/>\n<input type=\"hidden\" name=\"_wpcf7_unit_tag\" value=\"wpcf7-f4086-o1\" \/>\n<input type=\"hidden\" name=\"_wpcf7_container_post\" value=\"0\" \/>\n<input type=\"hidden\" name=\"_wpcf7_posted_data_hash\" value=\"\" \/>\n<\/div>\n<div class=\"contact-form-box\">\n    <h3 class=\"box-heading\">Lo\u1ea1i H\u00e0ng H\u00f3a<\/h3>\n    <div class=\"row\">\n        <div class=\"col-lg-12\"><span class=\"wpcf7-form-control-wrap\" data-name=\"shipment-type\"><input size=\"40\" class=\"wpcf7-form-control wpcf7-text wpcf7-validates-as-required\" aria-required=\"true\" aria-invalid=\"false\" placeholder=\"Nh\u1eadp th\u00f4ng tin h\u00e0ng h\u00f3a *\" value=\"\" type=\"text\" name=\"shipment-type\" \/><\/span><\/div>\n    <\/div>\n<\/div>\n<div class=\"contact-form-box\">\n    <h3 class=\"box-heading\">M\u00e3 Theo D\u00f5i<\/h3>\n    <div class=\"row\">\n        <div class=\"col-lg-12\"><span class=\"wpcf7-form-control-wrap\" data-name=\"tracking-number\"><textarea cols=\"40\" rows=\"10\" class=\"wpcf7-form-control wpcf7-textarea wpcf7-validates-as-required\" aria-required=\"true\" aria-invalid=\"false\" placeholder=\"B\u1ea1n c\u00f3 th\u1ec3 nh\u1eadp m\u1ed9t ho\u1eb7c nhi\u1ec1u m\u00e3 theo d\u00f5i \u0111\u1ec3 ki\u1ec3m tra\" name=\"tracking-number\"><\/textarea><\/span><\/div>\n    <\/div>\n<\/div>\n<input class=\"wpcf7-form-control has-spinner wpcf7-submit btn btn-secondary btn-fullwidth\" type=\"submit\" value=\"Theo D\u00f5i H\u00e0ng H\u00f3a\" \/><div class=\"wpcf7-response-output\" aria-hidden=\"true\"><\/div><input type=\"hidden\" name=\"trp-form-language\" value=\"vi\"\/><\/form><\/div>        <\/div>\n    <\/div>\n\t\t<\/div>\n\t\t\t\t<\/div>\n\t\t        <\/div>\n        <\/div>\n        \t\t        <\/div>\n        <\/section>\n\t\t\t\t\t\t\t<\/div>","protected":false},"excerpt":{"rendered":"<p>Track &amp; Trace Home Trasport Services Road Freight Services Ocean Freight Services Air Freight Services Railway Freight Services Warehousing and Distribution Services Import and Export Customs Services Fairs &#038; Exhibition Services Project Cargo Transportation Service Dedicated Customer Teams &#038; Agile Services Our worldwide presence ensures the timeliness, cost efficiency compliance adherence required to ensure your [&hellip;]<\/p>","protected":false},"author":1,"featured_media":0,"parent":0,"menu_order":0,"comment_status":"closed","ping_status":"closed","template":"","meta":[],"yoast_head":"<!-- This site is optimized with the Yoast SEO plugin v20.9 - https:\/\/yoast.com\/wordpress\/plugins\/seo\/ -->\n<title>Track &amp; Trace - Kaizen Shipping<\/title>\n<meta name=\"description\" content=\"KAIZEN SHIPPING is a diversified logistics service provider with main activities in forwarding, warehousing, sea freight, international air freight, domestic transportation, project cargo transportation\u2026 As a result, your goods will be transported quickly, accurately and safely to any point domestically and internationally.\" \/>\n<meta name=\"robots\" content=\"index, follow, max-snippet:-1, max-image-preview:large, max-video-preview:-1\" \/>\n<link rel=\"canonical\" href=\"https:\/\/kaizenshipping.vn\/vi\/track-trace\/\" \/>\n<meta property=\"og:locale\" content=\"vi_VN\" \/>\n<meta property=\"og:type\" content=\"article\" \/>\n<meta property=\"og:title\" content=\"Track &amp; Trace - Kaizen Shipping\" \/>\n<meta property=\"og:description\" content=\"KAIZEN SHIPPING is a diversified logistics service provider with main activities in forwarding, warehousing, sea freight, international air freight, domestic transportation, project cargo transportation\u2026 As a result, your goods will be transported quickly, accurately and safely to any point domestically and internationally.\" \/>\n<meta property=\"og:url\" content=\"https:\/\/kaizenshipping.vn\/vi\/track-trace\/\" \/>\n<meta property=\"og:site_name\" content=\"Kaizen Shipping\" \/>\n<meta property=\"article:modified_time\" content=\"2023-05-11T11:31:49+00:00\" \/>\n<meta name=\"twitter:card\" content=\"summary_large_image\" \/>\n<script type=\"application\/ld+json\" class=\"yoast-schema-graph\">{\"@context\":\"https:\/\/schema.org\",\"@graph\":[{\"@type\":\"WebPage\",\"@id\":\"https:\/\/kaizenshipping.vn\/track-trace\/\",\"url\":\"https:\/\/kaizenshipping.vn\/track-trace\/\",\"name\":\"Track & Trace - Kaizen Shipping\",\"isPartOf\":{\"@id\":\"https:\/\/kaizenshipping.vn\/#website\"},\"datePublished\":\"2020-04-03T16:27:26+00:00\",\"dateModified\":\"2023-05-11T11:31:49+00:00\",\"description\":\"KAIZEN SHIPPING is a diversified logistics service provider with main activities in forwarding, warehousing, sea freight, international air freight, domestic transportation, project cargo transportation\u2026 As a result, your goods will be transported quickly, accurately and safely to any point domestically and internationally.\",\"breadcrumb\":{\"@id\":\"https:\/\/kaizenshipping.vn\/track-trace\/#breadcrumb\"},\"inLanguage\":\"vi\",\"potentialAction\":[{\"@type\":\"ReadAction\",\"target\":[\"https:\/\/kaizenshipping.vn\/track-trace\/\"]}]},{\"@type\":\"BreadcrumbList\",\"@id\":\"https:\/\/kaizenshipping.vn\/track-trace\/#breadcrumb\",\"itemListElement\":[{\"@type\":\"ListItem\",\"position\":1,\"name\":\"Home\",\"item\":\"https:\/\/kaizenshipping.vn\/\"},{\"@type\":\"ListItem\",\"position\":2,\"name\":\"Track &#038; Trace\"}]},{\"@type\":\"WebSite\",\"@id\":\"https:\/\/kaizenshipping.vn\/#website\",\"url\":\"https:\/\/kaizenshipping.vn\/\",\"name\":\"Kaizen Shipping\",\"description\":\"We are a globally diversified logistics service provider\",\"publisher\":{\"@id\":\"https:\/\/kaizenshipping.vn\/#organization\"},\"potentialAction\":[{\"@type\":\"SearchAction\",\"target\":{\"@type\":\"EntryPoint\",\"urlTemplate\":\"https:\/\/kaizenshipping.vn\/?s={search_term_string}\"},\"query-input\":\"required name=search_term_string\"}],\"inLanguage\":\"vi\"},{\"@type\":\"Organization\",\"@id\":\"https:\/\/kaizenshipping.vn\/#organization\",\"name\":\"Kaizen Shipping Company Limited\",\"url\":\"https:\/\/kaizenshipping.vn\/\",\"logo\":{\"@type\":\"ImageObject\",\"inLanguage\":\"vi\",\"@id\":\"https:\/\/kaizenshipping.vn\/#\/schema\/logo\/image\/\",\"url\":\"https:\/\/kaizenshipping.vn\/wp-content\/uploads\/2023\/01\/kaizen-shipping-mobile-logo-1.png\",\"contentUrl\":\"https:\/\/kaizenshipping.vn\/wp-content\/uploads\/2023\/01\/kaizen-shipping-mobile-logo-1.png\",\"width\":1974,\"height\":1974,\"caption\":\"Kaizen Shipping Company Limited\"},\"image\":{\"@id\":\"https:\/\/kaizenshipping.vn\/#\/schema\/logo\/image\/\"}}]}<\/script>\n<!-- \/ Yoast SEO plugin. -->","yoast_head_json":{"title":"Track & Trace - Kaizen Shipping","description":"KAIZEN SHIPPING is a diversified logistics service provider with main activities in forwarding, warehousing, sea freight, international air freight, domestic transportation, project cargo transportation\u2026 As a result, your goods will be transported quickly, accurately and safely to any point domestically and internationally.","robots":{"index":"index","follow":"follow","max-snippet":"max-snippet:-1","max-image-preview":"max-image-preview:large","max-video-preview":"max-video-preview:-1"},"canonical":"https:\/\/kaizenshipping.vn\/vi\/track-trace\/","og_locale":"vi_VN","og_type":"article","og_title":"Track & Trace - Kaizen Shipping","og_description":"KAIZEN SHIPPING is a diversified logistics service provider with main activities in forwarding, warehousing, sea freight, international air freight, domestic transportation, project cargo transportation\u2026 As a result, your goods will be transported quickly, accurately and safely to any point domestically and internationally.","og_url":"https:\/\/kaizenshipping.vn\/vi\/track-trace\/","og_site_name":"Kaizen Shipping","article_modified_time":"2023-05-11T11:31:49+00:00","twitter_card":"summary_large_image","schema":{"@context":"https:\/\/schema.org","@graph":[{"@type":"WebPage","@id":"https:\/\/kaizenshipping.vn\/track-trace\/","url":"https:\/\/kaizenshipping.vn\/track-trace\/","name":"Track & Trace - Kaizen Shipping","isPartOf":{"@id":"https:\/\/kaizenshipping.vn\/#website"},"datePublished":"2020-04-03T16:27:26+00:00","dateModified":"2023-05-11T11:31:49+00:00","description":"KAIZEN SHIPPING is a diversified logistics service provider with main activities in forwarding, warehousing, sea freight, international air freight, domestic transportation, project cargo transportation\u2026 As a result, your goods will be transported quickly, accurately and safely to any point domestically and internationally.","breadcrumb":{"@id":"https:\/\/kaizenshipping.vn\/track-trace\/#breadcrumb"},"inLanguage":"vi","potentialAction":[{"@type":"ReadAction","target":["https:\/\/kaizenshipping.vn\/track-trace\/"]}]},{"@type":"BreadcrumbList","@id":"https:\/\/kaizenshipping.vn\/track-trace\/#breadcrumb","itemListElement":[{"@type":"ListItem","position":1,"name":"Home","item":"https:\/\/kaizenshipping.vn\/"},{"@type":"ListItem","position":2,"name":"Track &#038; Trace"}]},{"@type":"WebSite","@id":"https:\/\/kaizenshipping.vn\/#website","url":"https:\/\/kaizenshipping.vn\/","name":"Kaizen Shipping","description":"We are a globally diversified logistics service provider","publisher":{"@id":"https:\/\/kaizenshipping.vn\/#organization"},"potentialAction":[{"@type":"SearchAction","target":{"@type":"EntryPoint","urlTemplate":"https:\/\/kaizenshipping.vn\/?s={search_term_string}"},"query-input":"required name=search_term_string"}],"inLanguage":"vi"},{"@type":"Organization","@id":"https:\/\/kaizenshipping.vn\/#organization","name":"Kaizen Shipping Company Limited","url":"https:\/\/kaizenshipping.vn\/","logo":{"@type":"ImageObject","inLanguage":"vi","@id":"https:\/\/kaizenshipping.vn\/#\/schema\/logo\/image\/","url":"https:\/\/kaizenshipping.vn\/wp-content\/uploads\/2023\/01\/kaizen-shipping-mobile-logo-1.png","contentUrl":"https:\/\/kaizenshipping.vn\/wp-content\/uploads\/2023\/01\/kaizen-shipping-mobile-logo-1.png","width":1974,"height":1974,"caption":"Kaizen Shipping Company Limited"},"image":{"@id":"https:\/\/kaizenshipping.vn\/#\/schema\/logo\/image\/"}}]}},"_links":{"self":[{"href":"https:\/\/kaizenshipping.vn\/vi\/wp-json\/wp\/v2\/pages\/4417"}],"collection":[{"href":"https:\/\/kaizenshipping.vn\/vi\/wp-json\/wp\/v2\/pages"}],"about":[{"href":"https:\/\/kaizenshipping.vn\/vi\/wp-json\/wp\/v2\/types\/page"}],"author":[{"embeddable":true,"href":"https:\/\/kaizenshipping.vn\/vi\/wp-json\/wp\/v2\/users\/1"}],"replies":[{"embeddable":true,"href":"https:\/\/kaizenshipping.vn\/vi\/wp-json\/wp\/v2\/comments?post=4417"}],"version-history":[{"count":9,"href":"https:\/\/kaizenshipping.vn\/vi\/wp-json\/wp\/v2\/pages\/4417\/revisions"}],"predecessor-version":[{"id":6607,"href":"https:\/\/kaizenshipping.vn\/vi\/wp-json\/wp\/v2\/pages\/4417\/revisions\/6607"}],"wp:attachment":[{"href":"https:\/\/kaizenshipping.vn\/vi\/wp-json\/wp\/v2\/media?parent=4417"}],"curies":[{"name":"wp","href":"https:\/\/api.w.org\/{rel}","templated":true}]}}